{"id":25,"date":"2019-03-11T17:59:44","date_gmt":"2019-03-11T16:59:44","guid":{"rendered":"https:\/\/www.towercast.fr\/?page_id=25"},"modified":"2019-04-09T12:45:59","modified_gmt":"2019-04-09T10:45:59","slug":"legal-notices","status":"publish","type":"page","link":"https:\/\/www.towercast.fr\/en\/legal-notices\/","title":{"rendered":"Legal notices"},"content":{"rendered":"<p><strong>Raison sociale<\/strong> :<\/p>\n<p><strong>Forme juridique<\/strong> :<\/p>\n<p><strong>Capital social<\/strong> :<\/p>\n<p><strong>SIREN<\/strong> :<\/p>\n<p><strong>Responsable<\/strong> :<\/p>\n<p>Conform\u00e9ment \u00e0 la loi n\u00b02004-575 du 21 juin 2004 pour la confiance dans l\u2019\u00e9conomie num\u00e9rique, nous vous informons que le site internet Siteclient est la propri\u00e9t\u00e9 de Nomclient.<\/p>\n<p>Le site internet Siteclient a \u00e9t\u00e9 con\u00e7u par la soci\u00e9t\u00e9 Adveris.<\/p>\n<p>Le site internet Siteclient est h\u00e9berg\u00e9 sur les mat\u00e9riels informatiques de la soci\u00e9t\u00e9 OVH dont le si\u00e8ge social est : 2 rue Kellermann &#8211; 59100 Roubaix &#8211; France.<\/p>\n<p>Le site Siteclient est r\u00e9gi par le droit fran\u00e7ais ; les visiteurs ayant acc\u00e8s au site de l\u2019\u00e9tranger, doivent s&#8217;assurer du respect des lois localement applicables.<\/p>\n<p>Les mentions l\u00e9gales pouvant \u00eatre modifi\u00e9es \u00e0 tout moment et sans pr\u00e9avis, nous vous engageons \u00e0 les consulter r\u00e9guli\u00e8rement.<\/p>\n<p>&nbsp;<\/p>\n<h2>Propri\u00e9t\u00e9 intellectuelle<\/h2>\n<p>Nomclient d\u00e9tient, se r\u00e9serve et conserve tous les droits de propri\u00e9t\u00e9, notamment intellectuelle, y compris les droits de reproduction sur le pr\u00e9sent site et les \u00e9l\u00e9ments qu\u2019il contient. En cons\u00e9quence et notamment toute reproduction partielle ou totale du pr\u00e9sent site et des \u00e9l\u00e9ments qu\u2019il contient est strictement interdite sans autorisation \u00e9crite de Nomclient.<\/p>\n<p>Les logos et tous autres signes distinctifs contenus sur ce site sont la propri\u00e9t\u00e9 de Nomclient ou font l&#8217;objet d&#8217;une autorisation d&#8217;utilisation. Aucun droit ou licence ne saurait \u00eatre attribu\u00e9 sur l&#8217;un quelconque de ces \u00e9l\u00e9ments sans l&#8217;autorisation \u00e9crite de Nomclient ou du tiers d\u00e9tenteur des droits.<\/p>\n<p>&nbsp;<\/p>\n<h2>Exclusion de garantie et de responsabilit\u00e9<\/h2>\n<p>L&#8217;utilisateur du site web &#8220;Siteclient&#8221; reconna\u00eet avoir pris connaissance des pr\u00e9sentes conditions d&#8217;utilisation du site et s&#8217;engage \u00e0 les respecter.<\/p>\n<p>Nomclient ne saurait \u00eatre tenue pour responsable des dommages directs ou indirects qui pourraient r\u00e9sulter de l&#8217;acc\u00e8s au site ou de l&#8217;utilisation du site et\/ou de ces informations, y compris l&#8217;inaccessibilit\u00e9, les pertes de donn\u00e9es, d\u00e9t\u00e9riorations, destructions ou virus qui pourraient affecter l&#8217;\u00e9quipement informatique de l&#8217;utilisateur et\/ou de la pr\u00e9sence de virus sur son site.<\/p>\n<p>Bien que Nomclient s&#8217;efforce de fournir un contenu fiable sur son site, il ne garantit pas que son contenu soit exempt d&#8217;inexactitudes ou d&#8217;omissions et ne saurait \u00eatre tenu pour responsable des erreurs ou omissions, d&#8217;une absence de disponibilit\u00e9 des informations et des services. Nomclient se r\u00e9serve \u00e0 tout moment et sans pr\u00e9avis le droit d&#8217;apporter des am\u00e9liorations et\/ou des modifications au contenu de son site. En cons\u00e9quence, l&#8217;utilisateur reconna\u00eet se servir de ses informations sous sa responsabilit\u00e9 exclusive.<\/p>\n<p>&nbsp;<\/p>\n<h2>Vie priv\u00e9e &#8211; Protection des donn\u00e9es personnelles<\/h2>\n<p>Nomclient\u00a0a d\u00e9sign\u00e9 un D\u00e9l\u00e9gu\u00e9 \u00e0 la Protection des Donn\u00e9es (DPO) afin de pr\u00e9server votre vie priv\u00e9e et la protection de vos donn\u00e9es personnelles dans le respect de la r\u00e9glementation en vigueur. Le r\u00f4le du DRPO, est d\u00e9fini par le R\u00e8glement G\u00e9n\u00e9ral \u00e0 la Protection des Donn\u00e9es compl\u00e9tant les dispositions de la loi informatique et libert\u00e9s du 06\/01\/1978 modifi\u00e9e et son d\u00e9cret d&#8217;application du 20\/10\/2005.<\/p>\n<p>Concernant les informations \u00e0 caract\u00e8re nominatif que vous seriez amen\u00e9s \u00e0 nous communiquer, vous b\u00e9n\u00e9ficiez d\u2019un droit d\u2019acc\u00e8s, de modification, de rectification et\/ou de suppression conform\u00e9ment \u00e0 la loi relative \u00e0 la protection des personnes physiques \u00e0 l\u2019\u00e9gard des traitements de donn\u00e9es \u00e0 caract\u00e8re personnel n\u00b02004-801 du 6 ao\u00fbt 2004. Pour exercer ce droit veuillez adresser un message \u00e0\u00a0:<\/p>\n<p>Nomclient<\/p>\n<p>Adresse postale client<\/p>\n<p>Code postal client<\/p>\n<p>&nbsp;<\/p>\n<p>Dans le cadre de son activit\u00e9, Nomclient peut avoir besoin de transmettre les donn\u00e9es collect\u00e9es dans d\u2019autres pays, pour l\u2019une des finalit\u00e9s pour lesquelles les donn\u00e9es ont \u00e9t\u00e9 initialement collect\u00e9es ou pour les objectifs auxquels les internautes ont consenti par la suite. Lorsque ces donn\u00e9es sont transf\u00e9r\u00e9es dans un pays tiers, Nomclient prend toutes les mesures n\u00e9cessaires pour \u00e9viter tout pr\u00e9judice. Les donn\u00e9es peuvent \u00eatre transf\u00e9r\u00e9es vers des pays qui ne sont pas membres de l\u2019Union Europ\u00e9enne, mais uniquement vers des pays o\u00f9 un niveau ad\u00e9quat de protection des donn\u00e9es est garanti.<\/p>\n<p>Les informations collect\u00e9es font l&#8217;objet d&#8217;un traitement informatis\u00e9. Chaque internaute dispose d&#8217;un droit d&#8217;acc\u00e8s, de modification, de rectification et de suppression des donn\u00e9es qui le concernent. (Art. 34 de la loi &#8220;Informatique et Libert\u00e9s&#8221;). Ce droit peut \u00eatre exerc\u00e9 aupr\u00e8s de : Adresse e-mail. Chaque utilisateur peut \u00e9galement adresser \u00e0 Nomclient des directives relatives au sort de ses donn\u00e9es apr\u00e8s son d\u00e9c\u00e8s.<\/p>\n<p>Les donn\u00e9es \u00e0 caract\u00e8re personnel collect\u00e9es sur ce site sont conserv\u00e9es au maximum jusqu\u2019\u00e0 l\u2019expiration des d\u00e9lais de prescription l\u00e9gaux.<\/p>\n<p>&nbsp;<\/p>\n<h2>Cookies, TAGS et traceurs<\/h2>\n<p>Lors de la navigation sur notre site internet, des informations relatives \u00e0 votre navigation peuvent \u00eatre enregistr\u00e9es dans votre terminal (ordinateur, tablette, smartphone &#8230;) au travers de fichiers appel\u00e9s &#8220;Cookies&#8221;.<\/p>\n<p>Les cookies nous permettent notamment de r\u00e9aliser un suivi de la fr\u00e9quentation de notre site Internet.<\/p>\n<p>Vous pouvez modifier vos pr\u00e9f\u00e9rences en mati\u00e8re de cookies en param\u00e9trant votre navigateur :<\/p>\n<ul>\n<li><a href=\"http:\/\/docs.info.apple.com\/article.html?path=Safari\/3.0\/fr\/9277.html\">Safari<\/a><\/li>\n<li><a href=\"http:\/\/support.google.com\/chrome\/bin\/answer.py?hl=fr&amp;hlrm=en&amp;answer=95647\">Chrome<\/a><\/li>\n<li><a href=\"http:\/\/support.mozilla.org\/fr\/kb\/Activer%20et%20d%C3%A9sactiver%20les%20cookies\">Firefox<\/a><\/li>\n<li><a href=\"http:\/\/windows.microsoft.com\/fr-FR\/windows-vista\/Block-or-allow-cookies\">Internet Explorer<\/a><\/li>\n<li><a href=\"https:\/\/support.apple.com\/fr-fr\/HT201265\">iOS<\/a><\/li>\n<\/ul>\n<p>&nbsp;<\/p>\n<h2>Liens vers d&#8217;autres sites<\/h2>\n<p>Le site peut inclure des liens vers d&#8217;autres sites ou d&#8217;autres sources Internet. Dans la mesure o\u00f9 Nomclient ne peut contr\u00f4ler ces sites et ces sources externes, Nomclient ne peut \u00eatre tenu pour responsable de la mise \u00e0 disposition de ces sites et sources externes, et d\u00e9cline ainsi toute responsabilit\u00e9 quant aux contenus, publicit\u00e9s, produits, services ou tout autre mat\u00e9riel disponible sur ou \u00e0 partir de ces sites ou sources externes.<\/p>\n<p>Ces liens sont propos\u00e9s aux utilisateurs du site Siteclient en tant que service. La d\u00e9cision d&#8217;activer les liens vous appartient exclusivement. Nous vous rappelons que les sites non-affili\u00e9s sont soumis \u00e0 leurs propres conditions d&#8217;utilisation.<\/p>\n","protected":false},"excerpt":{"rendered":"<p>Raison sociale : Forme juridique : Capital social : SIREN : Responsable : Conform\u00e9ment \u00e0 la loi n\u00b02004-575 du 21 juin 2004 pour la confiance dans l\u2019\u00e9conomie num\u00e9rique, nous vous informons que le site internet Siteclient est la propri\u00e9t\u00e9 de Nomclient. Le site internet Siteclient a \u00e9t\u00e9 con\u00e7u par la soci\u00e9t\u00e9 Adveris. Le site internet [&hellip;]<\/p>\n","protected":false},"author":1,"featured_media":0,"parent":0,"menu_order":0,"comment_status":"closed","ping_status":"closed","template":"templates\/cms.php","meta":[],"yoast_head":"<!-- This site is optimized with the Yoast SEO plugin v19.6.1 - https:\/\/yoast.com\/wordpress\/plugins\/seo\/ -->\n<title>Legal notices | towerCast<\/title>\n<meta name=\"robots\" content=\"index, follow, max-snippet:-1, max-image-preview:large, max-video-preview:-1\" \/>\n<link rel=\"canonical\" href=\"https:\/\/www.towercast.fr\/en\/legal-notices\/\" \/>\n<meta property=\"og:locale\" content=\"en_US\" \/>\n<meta property=\"og:type\" content=\"article\" \/>\n<meta property=\"og:title\" content=\"Legal notices | towerCast\" \/>\n<meta property=\"og:description\" content=\"Raison sociale : Forme juridique : Capital social : SIREN : Responsable : Conform\u00e9ment \u00e0 la loi n\u00b02004-575 du 21 juin 2004 pour la confiance dans l\u2019\u00e9conomie num\u00e9rique, nous vous informons que le site internet Siteclient est la propri\u00e9t\u00e9 de Nomclient. Le site internet Siteclient a \u00e9t\u00e9 con\u00e7u par la soci\u00e9t\u00e9 Adveris. Le site internet [&hellip;]\" \/>\n<meta property=\"og:url\" content=\"https:\/\/www.towercast.fr\/en\/legal-notices\/\" \/>\n<meta property=\"og:site_name\" content=\"towerCast\" \/>\n<meta property=\"article:modified_time\" content=\"2019-04-09T10:45:59+00:00\" \/>\n<meta name=\"twitter:card\" content=\"summary_large_image\" \/>\n<meta name=\"twitter:label1\" content=\"Est. reading time\" \/>\n\t<meta name=\"twitter:data1\" content=\"5 minutes\" \/>\n<script type=\"application\/ld+json\" class=\"yoast-schema-graph\">{\"@context\":\"https:\/\/schema.org\",\"@graph\":[{\"@type\":\"WebPage\",\"@id\":\"https:\/\/www.towercast.fr\/en\/legal-notices\/\",\"url\":\"https:\/\/www.towercast.fr\/en\/legal-notices\/\",\"name\":\"Legal notices | towerCast\",\"isPartOf\":{\"@id\":\"https:\/\/www.towercast.fr\/#website\"},\"datePublished\":\"2019-03-11T16:59:44+00:00\",\"dateModified\":\"2019-04-09T10:45:59+00:00\",\"breadcrumb\":{\"@id\":\"https:\/\/www.towercast.fr\/en\/legal-notices\/#breadcrumb\"},\"inLanguage\":\"en-US\",\"potentialAction\":[{\"@type\":\"ReadAction\",\"target\":[\"https:\/\/www.towercast.fr\/en\/legal-notices\/\"]}]},{\"@type\":\"BreadcrumbList\",\"@id\":\"https:\/\/www.towercast.fr\/en\/legal-notices\/#breadcrumb\",\"itemListElement\":[{\"@type\":\"ListItem\",\"position\":1,\"name\":\"Accueil\",\"item\":\"https:\/\/www.towercast.fr\/en\/\"},{\"@type\":\"ListItem\",\"position\":2,\"name\":\"Legal notices\"}]},{\"@type\":\"WebSite\",\"@id\":\"https:\/\/www.towercast.fr\/#website\",\"url\":\"https:\/\/www.towercast.fr\/\",\"name\":\"towerCast\",\"description\":\"Un site utilisant WordPress\",\"potentialAction\":[{\"@type\":\"SearchAction\",\"target\":{\"@type\":\"EntryPoint\",\"urlTemplate\":\"https:\/\/www.towercast.fr\/?s={search_term_string}\"},\"query-input\":\"required name=search_term_string\"}],\"inLanguage\":\"en-US\"}]}<\/script>\n<!-- \/ Yoast SEO plugin. -->","yoast_head_json":{"title":"Legal notices | towerCast","robots":{"index":"index","follow":"follow","max-snippet":"max-snippet:-1","max-image-preview":"max-image-preview:large","max-video-preview":"max-video-preview:-1"},"canonical":"https:\/\/www.towercast.fr\/en\/legal-notices\/","og_locale":"en_US","og_type":"article","og_title":"Legal notices | towerCast","og_description":"Raison sociale : Forme juridique : Capital social : SIREN : Responsable : Conform\u00e9ment \u00e0 la loi n\u00b02004-575 du 21 juin 2004 pour la confiance dans l\u2019\u00e9conomie num\u00e9rique, nous vous informons que le site internet Siteclient est la propri\u00e9t\u00e9 de Nomclient. Le site internet Siteclient a \u00e9t\u00e9 con\u00e7u par la soci\u00e9t\u00e9 Adveris. Le site internet [&hellip;]","og_url":"https:\/\/www.towercast.fr\/en\/legal-notices\/","og_site_name":"towerCast","article_modified_time":"2019-04-09T10:45:59+00:00","twitter_card":"summary_large_image","twitter_misc":{"Est. reading time":"5 minutes"},"schema":{"@context":"https:\/\/schema.org","@graph":[{"@type":"WebPage","@id":"https:\/\/www.towercast.fr\/en\/legal-notices\/","url":"https:\/\/www.towercast.fr\/en\/legal-notices\/","name":"Legal notices | towerCast","isPartOf":{"@id":"https:\/\/www.towercast.fr\/#website"},"datePublished":"2019-03-11T16:59:44+00:00","dateModified":"2019-04-09T10:45:59+00:00","breadcrumb":{"@id":"https:\/\/www.towercast.fr\/en\/legal-notices\/#breadcrumb"},"inLanguage":"en-US","potentialAction":[{"@type":"ReadAction","target":["https:\/\/www.towercast.fr\/en\/legal-notices\/"]}]},{"@type":"BreadcrumbList","@id":"https:\/\/www.towercast.fr\/en\/legal-notices\/#breadcrumb","itemListElement":[{"@type":"ListItem","position":1,"name":"Accueil","item":"https:\/\/www.towercast.fr\/en\/"},{"@type":"ListItem","position":2,"name":"Legal notices"}]},{"@type":"WebSite","@id":"https:\/\/www.towercast.fr\/#website","url":"https:\/\/www.towercast.fr\/","name":"towerCast","description":"Un site utilisant WordPress","potentialAction":[{"@type":"SearchAction","target":{"@type":"EntryPoint","urlTemplate":"https:\/\/www.towercast.fr\/?s={search_term_string}"},"query-input":"required name=search_term_string"}],"inLanguage":"en-US"}]}},"_links":{"self":[{"href":"https:\/\/www.towercast.fr\/en\/wp-json\/wp\/v2\/pages\/25\/"}],"collection":[{"href":"https:\/\/www.towercast.fr\/en\/wp-json\/wp\/v2\/pages\/"}],"about":[{"href":"https:\/\/www.towercast.fr\/en\/wp-json\/wp\/v2\/types\/page\/"}],"author":[{"embeddable":true,"href":"https:\/\/www.towercast.fr\/en\/wp-json\/wp\/v2\/users\/1\/"}],"replies":[{"embeddable":true,"href":"https:\/\/www.towercast.fr\/en\/wp-json\/wp\/v2\/comments\/?post=25"}],"version-history":[{"count":1,"href":"https:\/\/www.towercast.fr\/en\/wp-json\/wp\/v2\/pages\/25\/revisions\/"}],"predecessor-version":[{"id":26,"href":"https:\/\/www.towercast.fr\/en\/wp-json\/wp\/v2\/pages\/25\/revisions\/26\/"}],"wp:attachment":[{"href":"https:\/\/www.towercast.fr\/en\/wp-json\/wp\/v2\/media\/?parent=25"}],"curies":[{"name":"wp","href":"https:\/\/api.w.org\/{rel}","templated":true}]}}